{"id":105,"date":"2025-09-06T22:03:59","date_gmt":"2025-09-06T22:03:59","guid":{"rendered":"https:\/\/mexperiencetravel.com\/?page_id=105"},"modified":"2026-01-12T13:26:21","modified_gmt":"2026-01-12T13:26:21","slug":"%e7%9b%ae%e7%9a%84%e5%9c%b0","status":"publish","type":"page","link":"https:\/\/mexperiencetravel.com\/zh\/%e7%9b%ae%e7%9a%84%e5%9c%b0\/","title":{"rendered":"\u76ee\u7684\u5730"},"content":{"rendered":"\n<div class=\"wp-block-themepunch-revslider revslider\" data-modal=\"false\" data-slidertitle=\"NotGeneric\" style=\"\">\n\t\t\t\t<p class=\"rs-p-wp-fix\"><\/p>\n\t\t\t\t<sr7-module data-alias=\"notgeneric\" data-id=\"226\" id=\"SR7_226_1\" class=\"rs-ov-hidden\" data-version=\"6.7.38\">\n\t\t\t\t\t<sr7-adjuster><\/sr7-adjuster>\n\t\t\t\t\t<sr7-content>\n\t\t\t\t\t\t<sr7-slide id=\"SR7_226_1-999\" data-key=\"999\">\n\t\t\t\t\t\t\t<sr7-bg id=\"SR7_226_1-999-10\" class=\"sr7-layer\"><noscript><img decoding=\"async\" src=\"https:\/\/mexperiencetravel.com\/wp-content\/uploads\/2025\/12\/ashwin-n-YhWS5zoxj_E-unsplash-2.jpg\" alt=\"\" title=\"ashwin-n-YhWS5zoxj_E-unsplash-2\"><\/noscript><\/sr7-bg>\n\t\t\t\t\t\t\t<sr7-txt id=\"SR7_226_1-999-1\" class=\"sr7-layer\">OUR DESTINATIONS<\/sr7-txt>\n\t\t\t\t\t\t\t<sr7-txt id=\"SR7_226_1-999-4\" class=\"sr7-layer\">;Mexperiencetravel<\/sr7-txt>\n\t\t\t\t\t\t\t<sr7-txt id=\"SR7_226_1-999-8\" class=\"sr7-layer\"><i class=\"pe-7s-compass\"><\/i><\/sr7-txt>\n\t\t\t\t\t\t\t<sr7-txt id=\"SR7_226_1-999-9\" class=\"sr7-layer\">\t\t\t\t\t\t\t\n\t\t\t\t\t\t\t<span>\n\t\t\t\t\t\t\t<\/span>\t\t\t\t\t\t\t\n\t\t\t\t\t\t<\/sr7-txt>\n\t\t\t\t\t\t<\/sr7-slide>\n\t\t\t\t\t\t<sr7-slide id=\"SR7_226_1-1004\" data-key=\"1004\">\n\t\t\t\t\t\t<\/sr7-slide>\n\t\t\t\t\t<\/sr7-content>\n\t\t\t\t\t<image_lists style=\"display:none\">\n\t\t\t\t\t\t<img data-src=\"\/\/mexperiencetravel.com\/wp-content\/uploads\/2025\/12\/ashwin-n-YhWS5zoxj_E-unsplash-2.jpg\" data-libid=\"3266\" data-lib=\"medialibrary\" title=\"ashwin-n-YhWS5zoxj_E-unsplash-2\" width=\"0\" height=\"0\" data-dbsrc=\"Ly9tZXhwZXJpZW5jZXRyYXZlbC5jb20vd3AtY29udGVudC91cGxvYWRzLzIwMjUvMTIvYXNod2luLW4tWWhXUzV6b3hqX0UtdW5zcGxhc2gtMi5qcGc=\"\/>\n\t\t\t\t\t<\/image_lists>\n\t\t\t\t<\/sr7-module>\n\t\t\t\t<script>\n\t\t\t\t\tSR7.PMH ??={}; SR7.PMH[\"SR7_226_1\"] = {cn:100,state:false,fn: function() { if (_tpt!==undefined && _tpt.prepareModuleHeight !== undefined) {  _tpt.prepareModuleHeight({id:\"SR7_226_1\",el:[868,868,768,960,720],type:'standard',shdw:'0',gh:[868,868,768,960,720],gw:[1240,1240,1024,778,480],vpt:['-100px&#039;,&#039;-100px&#039;,&#039;-100px&#039;,&#039;-100px&#039;,&#039;-100px'],size:{fullWidth:true, fullHeight:true},fho:',60px',mh:'0',onh:0,onw:0,bg:{color:'{\"orig\":\"transparent\",\"type\":\"solid\",\"string\":\"transparent\"}'},plType:'-1',plColor:'#FFFFFF'});   SR7.PMH[\"SR7_226_1\"].state=true;} else if(SR7.PMH[\"SR7_226_1\"].cn-->0)\tsetTimeout( SR7.PMH[\"SR7_226_1\"].fn,19);}};SR7.PMH[\"SR7_226_1\" ].fn();\n\t\t\t\t<\/script>\n<\/div>\n\n\n    <div class=\"wp-block-bplugins-custom-html\" id='bPluginsCustomHtml-1'>\n    <!-- ============== MEXPERIENCE \u00b7 DESTINATIONS EXPLORA (WP \/ GUTENBERG) \u00b7 FINAL AJUSTADO (8 CARDS) ============== -->\n<section class=\"wp-exp-wrap\" id=\"wp-exp-destinations\">\n  <div class=\"wp-exp\" id=\"wp-exp-root\">\n\n    <!-- ASIDE STICKY -->\n    <aside class=\"wp-exp-aside\" aria-hidden=\"false\">\n      <span class=\"wp-exp-line\"><\/span>\n\n      <div class=\"wp-exp-chip\" role=\"status\" aria-live=\"polite\" aria-atomic=\"true\">\n        <span class=\"wp-chip-emoji\" aria-hidden=\"true\">\u2728<\/span>\n        <span class=\"wp-chip-text\">Highlights<\/span>\n      <\/div>\n    <\/aside>\n\n    <!-- RAIL -->\n    <div class=\"wp-exp-rail\">\n\n      <!-- 1 -->\n      <a class=\"wp-exp-card\" href=\"\/mexico-city\/\" data-key=\"mexico-city\">\n        <figure class=\"wp-exp-media\">\n          <img decoding=\"async\" src=\"https:\/\/mexperiencetravel.com\/wp-content\/uploads\/2025\/11\/CDMX-scaled.jpg\" alt=\"Mexico City\" loading=\"lazy\">\n          <div class=\"wp-exp-badge\" aria-label=\"5\/5\">\u2605\u2605\u2605\u2605\u2605<\/div>\n        <\/figure>\n        <div class=\"wp-exp-body\">\n          <h4>Mexico City<\/h4>\n          <p>Mexico City, the nation\u2019s vibrant capital, offers a dynamic mix of history, culture, and modern amenities. From world-class museums and historic landmarks to fine dining and premium venues, it\u2019s the perfect destination for corporate events, meetings, and immersive travel experiences.<\/p>\n        <\/div>\n      <\/a>\n\n      <!-- 2 -->\n      <a class=\"wp-exp-card\" href=\"\/riviera-maya\/\" data-key=\"riviera-maya\">\n        <figure class=\"wp-exp-media\">\n          <img decoding=\"async\" src=\"https:\/\/images.unsplash.com\/photo-1500375592092-40eb2168fd21?auto=format&#038;fit=crop&#038;w=1400&#038;q=70\" alt=\"Riviera Maya\" loading=\"lazy\">\n          <div class=\"wp-exp-badge\" aria-label=\"5\/5\">\u2605\u2605\u2605\u2605\u2605<\/div>\n        <\/figure>\n        <div class=\"wp-exp-body\">\n          <h4>Riviera Maya<\/h4>\n          <p>From Canc\u00fan to Playa del Carmen, Tulum, and Cozumel, the Riviera Maya blends stunning Caribbean beaches with world-class resorts and unique cultural experiences. Ideal for corporate retreats, incentive programs, or unforgettable travel, this region delivers both luxury and authenticity.<\/p>\n        <\/div>\n      <\/a>\n\n      <!-- 3 -->\n      <a class=\"wp-exp-card\" href=\"\/yucatan\/\" data-key=\"yucatan\">\n        <figure class=\"wp-exp-media\">\n          <img decoding=\"async\" src=\"https:\/\/mexperiencetravel.com\/wp-content\/uploads\/2025\/10\/706e551ed8858d10e1005f4e4500e682f3819372.jpg\" alt=\"Yucat\u00e1n\" loading=\"lazy\">\n          <div class=\"wp-exp-badge\" aria-label=\"5\/5\">\u2605\u2605\u2605\u2605\u2605<\/div>\n        <\/figure>\n        <div class=\"wp-exp-body\">\n          <h4>Yucat\u00e1n<\/h4>\n          <p>Yucat\u00e1n is a treasure trove of Mayan heritage, colonial towns, and natural wonders. With destinations like M\u00e9rida, Valladolid, and Chich\u00e9n Itz\u00e1, it\u2019s perfect for cultural immersion, unique events, and memorable travel experiences.<\/p>\n        <\/div>\n      <\/a>\n\n      <!-- 4 -->\n      <a class=\"wp-exp-card\" href=\"\/puebla\/\" data-key=\"puebla\">\n        <figure class=\"wp-exp-media\">\n          <img decoding=\"async\" src=\"https:\/\/mexperiencetravel.com\/wp-content\/uploads\/2025\/12\/vibe-adventures-nIupUN8dcb0-unsplash.jpg\" alt=\"Puebla\" loading=\"lazy\">\n          <div class=\"wp-exp-badge\" aria-label=\"5\/5\">\u2605\u2605\u2605\u2605\u2605<\/div>\n        <\/figure>\n        <div class=\"wp-exp-body\">\n          <h4>Puebla<\/h4>\n          <p>Puebla, known for its colonial charm and rich culinary heritage, offers historic streets, iconic architecture, and unique venues, ideal for cultural experiences and corporate events.<\/p>\n        <\/div>\n      <\/a>\n\n      <!-- 5 -->\n      <a class=\"wp-exp-card\" href=\"\/los-cabos\/\" data-key=\"los-cabos\">\n        <figure class=\"wp-exp-media\">\n          <img decoding=\"async\" src=\"https:\/\/mexperiencetravel.com\/wp-content\/uploads\/2025\/09\/the_arch3_124638e8-9864-4401-8169-132999bd75fb.jpg\" alt=\"Los Cabos\" loading=\"lazy\">\n          <div class=\"wp-exp-badge\" aria-label=\"5\/5\">\u2605\u2605\u2605\u2605\u2605<\/div>\n        <\/figure>\n        <div class=\"wp-exp-body\">\n          <h4>Los Cabos<\/h4>\n          <p>Los Cabos, where desert meets the ocean, features luxury resorts, beautiful beaches, and exclusive venues for high-end events and unforgettable travel experiences.<\/p>\n        <\/div>\n      <\/a>\n\n      <!-- 6 -->\n      <a class=\"wp-exp-card\" href=\"\/oaxaca\/\" data-key=\"oaxaca\">\n        <figure class=\"wp-exp-media\">\n          <img decoding=\"async\" src=\"https:\/\/mexperiencetravel.com\/wp-content\/uploads\/2025\/10\/cc28dbfc109e15175b21faac14bf27e4e69a2ff1.jpg\" alt=\"Oaxaca\" loading=\"lazy\">\n          <div class=\"wp-exp-badge\" aria-label=\"5\/5\">\u2605\u2605\u2605\u2605\u2605<\/div>\n        <\/figure>\n        <div class=\"wp-exp-body\">\n          <h4>Oaxaca<\/h4>\n          <p>Oaxaca is Mexico\u2019s cultural and culinary heart, known for its vibrant traditions, artisan markets, and world-class gastronomy. Ideal for immersive experiences, team-building, and unique events.<\/p>\n        <\/div>\n      <\/a>\n\n      <!-- 7 -->\n      <a class=\"wp-exp-card\" href=\"\/monterrey\/\" data-key=\"monterrey\">\n        <figure class=\"wp-exp-media\">\n          <img decoding=\"async\" src=\"https:\/\/mexperiencetravel.com\/wp-content\/uploads\/2025\/11\/MONTERREY.jpg\" alt=\"Monterrey\" loading=\"lazy\">\n          <div class=\"wp-exp-badge\" aria-label=\"5\/5\">\u2605\u2605\u2605\u2605\u2605<\/div>\n        <\/figure>\n        <div class=\"wp-exp-body\">\n          <h4>Monterrey<\/h4>\n          <p>Monterrey, Mexico\u2019s industrial and business hub, offers modern infrastructure, dynamic venues, and cultural attractions, making it ideal for corporate events and business travel.<\/p>\n        <\/div>\n      <\/a>\n\n      <!-- 8 -->\n      <a class=\"wp-exp-card\" href=\"\/guadalajara\/\" data-key=\"guadalajara\">\n        <figure class=\"wp-exp-media\">\n          <img decoding=\"async\" src=\"https:\/\/images.unsplash.com\/photo-1600093463592-8e36ae95ef56?auto=format&#038;fit=crop&#038;w=1400&#038;q=70\" alt=\"Guadalajara\" loading=\"lazy\">\n          <div class=\"wp-exp-badge\" aria-label=\"5\/5\">\u2605\u2605\u2605\u2605\u2605<\/div>\n        <\/figure>\n        <div class=\"wp-exp-body\">\n          <h4>Guadalajara<\/h4>\n          <p>Guadalajara, a center of Mexican tradition and innovation, combines historic architecture, vibrant culture, and first-class venues, perfect for meetings, incentives, and immersive travel experiences.<\/p>\n        <\/div>\n      <\/a>\n\n    <\/div>\n  <\/div>\n<\/section>\n\n<style>\n\/* ===== Full width ===== *\/\n.wp-exp-wrap{\n  width:100vw;\n  margin-left:calc(50% - 50vw);\n  margin-right:calc(50% - 50vw);\n  padding:110px 0;\n}\n\n\/* ===== Grid ===== *\/\n.wp-exp{\n  max-width:1300px;\n  margin:0 auto;\n  padding:0 22px;\n  display:grid;\n  grid-template-columns:240px 1fr;\n  gap:24px;\n}\n\n\/* ===== ASIDE (DESKTOP) ===== *\/\n.wp-exp-aside{\n  position: sticky;\n  top: calc(var(--header-height, 72px) + 38px); \/* \ud83d\udc48 M\u00c1S ABAJO EN LAPTOP *\/\n  align-self: start;\n  height: 1px;\n  z-index: 5;\n  pointer-events:none;\n}\n\n.wp-exp-line{\n  position:absolute;\n  left:114px;\n  top:16px;\n  width:2px;\n  height:28px;\n  background:rgba(0,0,0,.3);\n}\n\n\/* ===== CHIP ===== *\/\n.wp-exp-chip{\n  display:inline-flex;\n  align-items:center;\n  gap:10px;\n  background:rgba(255,255,255,.92);\n  backdrop-filter:saturate(140%) blur(8px);\n  border-radius:999px;\n  padding:8px 14px;\n  box-shadow:0 10px 30px rgba(0,0,0,.08);\n  transform:translateX(70px);\n  transition:opacity .22s ease, transform .22s ease;\n}\n.wp-exp-chip.is-updating{ opacity:.25; }\n\n.wp-chip-emoji{ font-size:18px; }\n.wp-chip-text{ font-size:14px; font-weight:800; letter-spacing:.2px; }\n\n\/* ===== RAIL ===== *\/\n.wp-exp-rail{\n  display:grid;\n  grid-template-columns:1fr 1fr;\n  gap:54px 70px;\n}\n\n.wp-exp-card{\n  display:grid;\n  grid-template-columns:230px 1fr;\n  gap:18px;\n  text-decoration:none;\n  color:inherit;\n}\n\n.wp-exp-media{\n  width:230px;\n  height:230px;\n  border-radius:16px;\n  overflow:hidden;\n  position:relative;\n  background:#ddd;\n}\n\n.wp-exp-media img{\n  width:100%;\n  height:100%;\n  object-fit:cover;\n  transform:scale(1.08);\n  transition:transform .7s ease;\n}\n.wp-exp-card:hover .wp-exp-media img{ transform:scale(1); }\n\n.wp-exp-badge{\n  position:absolute;\n  bottom:10px;\n  left:10px;\n  background:rgba(0,0,0,.55);\n  color:#fff;\n  padding:3px 10px;\n  border-radius:999px;\n  font-size:12px;\n}\n\n\/* ===== TEXT ===== *\/\n.wp-exp-body h4{\n  margin:0 0 6px;\n  font-size:22px;\n  font-weight:800;\n}\n.wp-exp-body p{\n  margin:0;\n  font-size:16px;\n  color:rgba(0,0,0,.62);\n  max-width:44ch;\n}\n\n\/* ===== MOBILE ===== *\/\n@media (max-width:989px){\n  .wp-exp{ grid-template-columns:1fr; gap:14px; }\n\n  \/* \ud83d\udc47 M\u00c1S ABAJO EN M\u00d3VIL *\/\n  .wp-exp-aside{\n    position: sticky;\n    top: calc(var(--header-height, 64px) + 56px);\n    z-index: 10;\n    height:auto;\n  }\n\n  .wp-exp-line{display:none;}\n  .wp-exp-chip{transform:translateX(-6px);}\n\n  .wp-exp-rail{ grid-template-columns:1fr; gap:22px; }\n  .wp-exp-card{ grid-template-columns:1fr; gap:10px; }\n  .wp-exp-media{ width:100%; height:240px; border-radius:18px; }\n  .wp-exp-body h4{font-size:20px;}\n  .wp-exp-body p{font-size:15px;max-width:none;}\n}\n<\/style>\n\n<script>\n(function(){\n  if(window.__wpExpStable) return;\n  window.__wpExpStable = true;\n\n  const root = document.getElementById('wp-exp-root');\n  if(!root) return;\n\n  const chip = root.querySelector('.wp-exp-chip');\n  const emoji = chip.querySelector('.wp-chip-emoji');\n  const text  = chip.querySelector('.wp-chip-text');\n  const cards = [...root.querySelectorAll('.wp-exp-card')];\n\n  const labels = {\n    'mexico-city':['\ud83c\udfdb\ufe0f','City'],\n    'riviera-maya':['\ud83c\udfdd\ufe0f','Caribbean'],\n    'yucatan':['\ud83c\udfdb\ufe0f','Heritage'],\n    'puebla':['\ud83c\udf7d\ufe0f','Cuisine'],\n    'los-cabos':['\ud83c\udf05','Ocean'],\n    'oaxaca':['\ud83c\udfad','Tradition'],\n    'monterrey':['\ud83d\udcbc','Business'],\n    'guadalajara':['\ud83c\udfb6','Culture']\n  };\n\n  let current = '';\n\n  function setChip(key){\n    if(key === current || !labels[key]) return;\n    current = key;\n    chip.classList.add('is-updating');\n    requestAnimationFrame(()=>{\n      emoji.textContent = labels[key][0];\n      text.textContent  = labels[key][1];\n      chip.classList.remove('is-updating');\n    });\n  }\n\n  const io = new IntersectionObserver(entries=>{\n    let best = null;\n    entries.forEach(e=>{\n      if(e.isIntersecting) best = e;\n    });\n    if(best) setChip(best.target.dataset.key);\n  },{\n    rootMargin:'-30% 0px -55% 0px',\n    threshold:0\n  });\n\n  cards.forEach(c=>io.observe(c));\n})();\n<\/script>\n\n    <\/div>\n    \n\n\n<div class=\"wp-block-group alignfull has-background-background-color has-background is-layout-constrained wp-container-core-group-is-layout-7276a2bb wp-block-group-is-layout-constrained\" style=\"margin-top:0;margin-bottom:0;padding-top:var(--wp--preset--spacing--60);padding-right:var(--wp--preset--spacing--30);padding-bottom:var(--wp--preset--spacing--60);padding-left:var(--wp--preset--spacing--30)\">\n<div class=\"wp-block-group is-layout-constrained wp-block-group-is-layout-constrained\">\n<h2 class=\"wp-block-heading has-text-align-center has-large-font-size\">Begin Your Journey with Mexperience Travel Now<\/h2>\n\n\n\n<p class=\"has-text-align-center\" style=\"margin-top:16px\">Discover the unique experiences awaiting in Riviera Maya\u2019s top destinations. Sign up today to unlock exclusive travel insights and personalized tours.<\/p>\n\n\n\n<div class=\"wp-block-buttons is-content-justification-center is-layout-flex wp-container-core-buttons-is-layout-720bcce9 wp-block-buttons-is-layout-flex\">\n<div class=\"wp-block-button\"><a class=\"wp-block-button__link wp-element-button\" href=\"#\">Discover Destinations<\/a><\/div>\n<\/div>\n<\/div>\n\n\n\n<div style=\"aspect-ratio:16\/9;min-height:unset;\" class=\"wp-block-cover alignwide has-aspect-ratio\"><img loading=\"lazy\" decoding=\"async\" width=\"1440\" height=\"1080\" class=\"wp-block-cover__image-background wp-image-1300\" alt=\"\" src=\"https:\/\/mexperiencetravel.com\/wp-content\/uploads\/2025\/10\/f7726fa1955749829e9535b5c41625eb622e5abb.jpg\" data-object-fit=\"cover\" srcset=\"https:\/\/mexperiencetravel.com\/wp-content\/uploads\/2025\/10\/f7726fa1955749829e9535b5c41625eb622e5abb.jpg 1440w, https:\/\/mexperiencetravel.com\/wp-content\/uploads\/2025\/10\/f7726fa1955749829e9535b5c41625eb622e5abb-300x225.jpg 300w, https:\/\/mexperiencetravel.com\/wp-content\/uploads\/2025\/10\/f7726fa1955749829e9535b5c41625eb622e5abb-1024x768.jpg 1024w, https:\/\/mexperiencetravel.com\/wp-content\/uploads\/2025\/10\/f7726fa1955749829e9535b5c41625eb622e5abb-768x576.jpg 768w\" sizes=\"auto, (max-width: 1440px) 100vw, 1440px\" \/><span aria-hidden=\"true\" class=\"wp-block-cover__background has-background-dim-0 has-background-dim\"><\/span><div class=\"wp-block-cover__inner-container is-layout-constrained wp-block-cover-is-layout-constrained\">\n<div style=\"height:360px\" aria-hidden=\"true\" class=\"wp-block-spacer\"><\/div>\n<\/div><\/div>\n<\/div>\n\n\n    <div class=\"wp-block-bplugins-custom-html\" id='bPluginsCustomHtml-2'>\n        <\/div>\n    \n\n    <div class=\"wp-block-bplugins-custom-html\" id='bPluginsCustomHtml-3'>\n    <!-- ============== MEXPERIENCE \u00b7 STATS + TRUST STRIP (GLASS) \u00b7 FULL WIDTH (BLOCKSY HARD FIX) ============== -->\n<section class=\"mxp-trust alignfull\" aria-label=\"Mexperience Travel stats and trust\">\n  <div class=\"mxp-trust-inner\">\n\n    <!-- STATS -->\n    <div class=\"mxp-stats\" role=\"list\">\n      <div class=\"mxp-stat\" role=\"listitem\">\n        <div class=\"mxp-stat-top\">\n          <span class=\"mxp-stat-number\">+10.000<\/span>\n        <\/div>\n        <div class=\"mxp-stat-label\">VIAJEROS FELICES<\/div>\n      <\/div>\n\n      <div class=\"mxp-stat\" role=\"listitem\">\n        <div class=\"mxp-stat-top\">\n          <span class=\"mxp-stat-number\">4,9<\/span>\n          <span class=\"mxp-stat-icon\" aria-hidden=\"true\">\u2605<\/span>\n        <\/div>\n        <div class=\"mxp-stat-label\">EN GOOGLE<\/div>\n      <\/div>\n\n      <div class=\"mxp-stat\" role=\"listitem\">\n        <div class=\"mxp-stat-top\">\n          <span class=\"mxp-stat-number\">15<\/span>\n        <\/div>\n        <div class=\"mxp-stat-label\">A\u00d1OS DE EXPERIENCIA<\/div>\n      <\/div>\n\n      <div class=\"mxp-stat\" role=\"listitem\">\n        <div class=\"mxp-stat-top\">\n          <span class=\"mxp-stat-number\">24\/7<\/span>\n        <\/div>\n        <div class=\"mxp-stat-label\">SOPORTE<\/div>\n      <\/div>\n    <\/div>\n\n    <!-- TRUST \/ SEALS -->\n    <div class=\"mxp-seals\">\n      <div class=\"mxp-seals-title\">SELLOS Y VALORACIONES<\/div>\n\n      <div class=\"mxp-seals-row\" aria-label=\"Trust logos\">\n        <img decoding=\"async\" class=\"mxp-seal\" src=\"https:\/\/mexperiencetravel.com\/wp-content\/uploads\/2026\/01\/Google-Review-Logo-1-scaled.png\" alt=\"Google Reviews\">\n        <img decoding=\"async\" class=\"mxp-seal\" src=\"https:\/\/mexperiencetravel.com\/wp-content\/uploads\/2026\/01\/tripadvisor-seeklogo.png\" alt=\"Tripadvisor\">\n        <img decoding=\"async\" class=\"mxp-seal\" src=\"https:\/\/mexperiencetravel.com\/wp-content\/uploads\/2026\/01\/SECTUR_Logo__2024.png\" alt=\"Secretar\u00eda de Turismo\">\n      <\/div>\n    <\/div>\n\n  <\/div>\n\n  <style>\n    .mxp-trust{\n      --mxp-bg: #0c0c0c;\n      --mxp-text: rgba(255,255,255,.92);\n      --mxp-muted: rgba(255,255,255,.62);\n\n      --mxp-card: rgba(255,255,255,.06);\n      --mxp-card-2: rgba(255,255,255,.04);\n      --mxp-border: rgba(255,255,255,.12);\n\n      --mxp-accent: #37d2cc;\n      --mxp-glow: rgba(55,210,204,.22);\n\n      display:block !important;\n      position: relative !important;\n      box-sizing: border-box !important;\n      overflow: hidden !important;\n\n      \/* Fallback (si el JS no corre por cache\/optimizador) *\/\n      width: 100vw !important;\n      max-width: 100vw !important;\n\n      background: radial-gradient(900px 280px at 50% -20%, rgba(55,210,204,.16), transparent 60%),\n                  radial-gradient(900px 320px at 50% 120%, rgba(125,108,255,.10), transparent 60%),\n                  var(--mxp-bg);\n      padding: 56px 0 64px;\n      color: var(--mxp-text);\n    }\n\n    .mxp-trust-inner{\n      max-width: none !important;\n      width: 100% !important;\n      margin: 0 auto !important;\n      padding-left: clamp(18px, 5vw, 84px);\n      padding-right: clamp(18px, 5vw, 84px);\n      box-sizing: border-box;\n    }\n\n    .mxp-stats{\n      display: grid;\n      grid-template-columns: repeat(4, minmax(0, 1fr));\n      gap: 22px;\n      align-items: stretch;\n    }\n\n    .mxp-stat{\n      background: linear-gradient(180deg, var(--mxp-card), var(--mxp-card-2));\n      border: 1px solid var(--mxp-border);\n      border-radius: 22px;\n      padding: 22px 22px 18px;\n      text-align: center;\n      box-shadow:\n        0 18px 40px rgba(0,0,0,.35),\n        0 0 0 1px rgba(255,255,255,.03) inset;\n      backdrop-filter: blur(10px);\n      -webkit-backdrop-filter: blur(10px);\n      position: relative;\n    }\n\n    .mxp-stat::before{\n      content:\"\";\n      position:absolute;\n      inset:-2px;\n      border-radius: 24px;\n      background: radial-gradient(520px 80px at 50% -10%, var(--mxp-glow), transparent 55%);\n      opacity: .9;\n      pointer-events: none;\n      z-index: 0;\n    }\n\n    .mxp-stat-top,\n    .mxp-stat-label{\n      position: relative;\n      z-index: 1;\n    }\n\n    .mxp-stat-top{\n      display: inline-flex;\n      align-items: baseline;\n      justify-content: center;\n      gap: 10px;\n      margin-bottom: 8px;\n    }\n\n    .mxp-stat-number{\n      font-weight: 800;\n      font-size: clamp(34px, 3.2vw, 54px);\n      letter-spacing: -0.02em;\n      line-height: 1;\n      color: var(--mxp-text);\n      text-shadow: 0 10px 28px rgba(0,0,0,.45);\n    }\n\n    .mxp-stat-icon{\n      font-size: clamp(20px, 1.8vw, 28px);\n      color: var(--mxp-accent);\n      filter: drop-shadow(0 10px 18px rgba(0,0,0,.35));\n      transform: translateY(-2px);\n    }\n\n    .mxp-stat-label{\n      font-size: 13px;\n      letter-spacing: .18em;\n      text-transform: uppercase;\n      color: var(--mxp-muted);\n      font-weight: 700;\n    }\n\n    .mxp-seals{\n      margin-top: 30px;\n      text-align: center;\n    }\n\n    .mxp-seals-title{\n      font-size: 12px;\n      letter-spacing: .22em;\n      text-transform: uppercase;\n      color: rgba(255,255,255,.55);\n      font-weight: 700;\n      margin: 12px 0 16px;\n    }\n\n    .mxp-seals-row{\n      display: flex;\n      align-items: center;\n      justify-content: center;\n      gap: 34px;\n      flex-wrap: wrap;\n      opacity: .92;\n    }\n\n    .mxp-seal{\n      height: 34px;\n      width: auto;\n      filter: grayscale(1) brightness(1.15);\n      opacity: .75;\n      transition: transform .2s ease, opacity .2s ease, filter .2s ease;\n    }\n\n    .mxp-seal:hover{\n      transform: translateY(-1px);\n      opacity: .95;\n      filter: grayscale(0) brightness(1.1);\n    }\n\n    @media (max-width: 980px){\n      .mxp-stats{ grid-template-columns: repeat(2, minmax(0, 1fr)); }\n    }\n\n    @media (max-width: 520px){\n      .mxp-trust{ padding: 44px 0 54px; }\n      .mxp-trust-inner{ padding-left: 14px; padding-right: 14px; }\n      .mxp-stats{ grid-template-columns: 1fr; gap: 14px; }\n      .mxp-seal{ height: 30px; }\n    }\n  <\/style>\n\n  <script>\n    (function(){\n      const el = document.querySelector('.mxp-trust');\n      if(!el) return;\n\n      function applyFullBleed(){\n        \/\/ Reset por si ya estaba aplicado\n        el.style.marginLeft = '';\n        el.style.marginRight = '';\n        el.style.width = '';\n        el.style.maxWidth = '';\n\n        const rect = el.getBoundingClientRect();\n        const vw = window.innerWidth || document.documentElement.clientWidth;\n\n        \/\/ Cu\u00e1nto est\u00e1 \u201cmetido\u201d hacia la derecha por el container\n        const leftOffset = rect.left;\n\n        \/\/ Cu\u00e1nto le falta para tocar el borde derecho\n        const rightGap = vw - rect.right;\n\n        el.style.width = vw + 'px';\n        el.style.maxWidth = vw + 'px';\n        el.style.marginLeft = (-leftOffset) + 'px';\n        el.style.marginRight = (-rightGap) + 'px';\n      }\n\n      \/\/ Primera pasada\n      applyFullBleed();\n\n      \/\/ Recalcular (resize \/ load fonts \/ etc.)\n      let t;\n      window.addEventListener('resize', function(){\n        clearTimeout(t);\n        t = setTimeout(applyFullBleed, 80);\n      }, {passive:true});\n\n      window.addEventListener('load', function(){\n        setTimeout(applyFullBleed, 80);\n      });\n    })();\n  <\/script>\n<\/section>\n    <\/div>\n    ","protected":false},"excerpt":{"rendered":"<p>Begin Your Journey with Mexperience Travel Now Discover the unique experiences awaiting in Riviera Maya\u2019s top destinations. Sign up today to unlock exclusive travel insights and personalized tours.<\/p>","protected":false},"author":1,"featured_media":0,"parent":0,"menu_order":0,"comment_status":"closed","ping_status":"closed","template":"","meta":{"footnotes":""},"class_list":["post-105","page","type-page","status-publish","hentry"],"blocksy_meta":{"vertical_spacing_source":"custom","content_area_spacing":"none","styles_descriptor":{"styles":{"desktop":"","tablet":"","mobile":""},"google_fonts":[],"version":6}},"aioseo_notices":[],"_links":{"self":[{"href":"https:\/\/mexperiencetravel.com\/zh\/wp-json\/wp\/v2\/pages\/105","targetHints":{"allow":["GET"]}}],"collection":[{"href":"https:\/\/mexperiencetravel.com\/zh\/wp-json\/wp\/v2\/pages"}],"about":[{"href":"https:\/\/mexperiencetravel.com\/zh\/wp-json\/wp\/v2\/types\/page"}],"author":[{"embeddable":true,"href":"https:\/\/mexperiencetravel.com\/zh\/wp-json\/wp\/v2\/users\/1"}],"replies":[{"embeddable":true,"href":"https:\/\/mexperiencetravel.com\/zh\/wp-json\/wp\/v2\/comments?post=105"}],"version-history":[{"count":43,"href":"https:\/\/mexperiencetravel.com\/zh\/wp-json\/wp\/v2\/pages\/105\/revisions"}],"predecessor-version":[{"id":3736,"href":"https:\/\/mexperiencetravel.com\/zh\/wp-json\/wp\/v2\/pages\/105\/revisions\/3736"}],"wp:attachment":[{"href":"https:\/\/mexperiencetravel.com\/zh\/wp-json\/wp\/v2\/media?parent=105"}],"curies":[{"name":"wp","href":"https:\/\/api.w.org\/{rel}","templated":true}]}}